{"id":9,"date":"2008-12-26T15:09:36","date_gmt":"2008-12-26T14:09:36","guid":{"rendered":"http:\/\/www.becker-thilo.de\/?page_id=9"},"modified":"2014-01-04T19:41:46","modified_gmt":"2014-01-04T18:41:46","slug":"meine-ziele","status":"publish","type":"page","link":"https:\/\/www.becker-thilo.de\/?page_id=9","title":{"rendered":"Meine Ziele"},"content":{"rendered":"<p style=\"text-align: left;\">Ich m\u00f6chte als B\u00fcrgermeister der Verbandsgemeinde helfen die Gemeinden in wirtschaftlicher und sozialer Hinsicht fortzuentwickeln. Hier muss die Verwaltung alle Kraft aufbieten, um die anstehende Herausforderung des demografischen Wandels zu bew\u00e4ltigen. Das Aufgabengebiet wird sich f\u00fcr die Kommunen hierdurch qualitativ und quantitativ ver\u00e4ndern. Viele Netzwerke wurden hierzu schon gegr\u00fcndet. Gleichg\u00fcltig ob der Seniorenbeirat f\u00fcr die Verbandsgemeinde, die B\u00fcrgergemeinschaft &#8220;Mach Mit&#8221; in Hillscheid, die Glaubensgemeinschaften, Interessenverb\u00e4nde, Vereine sowie das eingerichtete Seniorenb\u00fcro in der Verbandsgemeindeverwaltung. In den Netzwerken arbeiten viele ehrenamtliche Kr\u00e4fte die sich der Herausforderung des demografischen Wandels stellen.<\/p>\n<p style=\"text-align: left;\">Die Infrastruktur muss sich dem Wandel anpassen, wenn man nicht dauerhaft die Einwohner verlieren m\u00f6chte. Dem gilt es entgegenzuwirken, beispielsweise mit der St\u00e4rkung der Stadtmitte in H\u00f6hr-Grenzhausen oder den Ortskernen in Hillscheid, Hilgert und Kammerforst. Dies sind zuerst Aufgaben der jeweiligen Kommune, die jedoch nur in Zusammenarbeit mit einer guten Verwaltung umgesetzt werden k\u00f6nnen. Diese enge Zusammenarbeit zwischen Verbandsgemeinde, Stadt und Ortsgemeinde sowie vielen ehrenamtlichen Arbeitskreisen durfte ich in den letzten Jahren begleiten und m\u00f6chte dies auch weiterhin ausgepr\u00e4gt mit meiner Amtsf\u00fchrung verbinden.<\/p>\n<p style=\"text-align: left;\">Meine langj\u00e4hrige Erfahrung, gleichg\u00fcltig ob als B\u00fcroleiter oder nun als B\u00fcrgermeister, zeigt mir, dass die Verwaltung auf die B\u00fcrger zugehen muss. Dies kann mit technischen Hilfsmitteln erfolgen, auf Neu-Deutsch &#8220;eGovernment&#8221;, dem Internet, oder auch durch die Einrichtung von durchgehenden \u00d6ffnungszeiten. In Einzelf\u00e4llen besuchen die Mitarbeiterinnen und Mitarbeiter unsere B\u00fcrger aus zuhause. Durch die von der Landesregierung durchgef\u00fchrte\u00a0 Kommunalreform wurden neue weitere neue Aufgaben und Herausforderungen auf die Kommunalverwaltungen \u00fcbertragen. Gemeinsam mit den Mitarbeiterinnen und Mitarbeitern haben wir diese Umstellung fast unbemerkt vollzogen. Die Kommunalreform wurde weitestgehend unter den Schlagworten der Fusion von Gemeinden in der \u00d6ffentlichkeit wahrgenommen. Eine Fusion steht f\u00fcr uns nicht zur Frage, gleichwohl m\u00fcssen wir \u00fcber den Tellerrand schauen. Zusammenarbeit mit anderen Kommunen oder privaten Unternehmen zur Aufgabenbew\u00e4ltigung soll helfen Prozesse zu optimieren und Kosten einzusparen. Mit einer kompetenten Verwaltung ist dies zu bew\u00e4ltigen.<\/p>\n<p style=\"text-align: left;\">Auch in wirtschaftlich unsicheren Zeiten d\u00fcrfen die Kommunen den Umweltschutz nicht aus den Augen verlieren, neben den klassischen Aufgaben der Verbandsgemeinde &#8220;Wasserversorgung und Abwasserbeseitigung&#8221; m\u00f6chte ich in enger Zusammenarbeit mit den Gemeinden eine Vorbildfunktion f\u00fcr die B\u00fcrgerschaft aus\u00fcben. Auch vor Ort m\u00fcssen wir der Verantwortung f\u00fcr unsere Umwelt gerecht werden.<br \/>\nHier gilt es auch die Energiewende vor Ort zu bew\u00e4ltigen. Eine Herausforderung in unserer Verbandsgemeinde, wie im Land oder im Bund. Neuerungen und Entwicklungen in diesen Bereichen m\u00f6chte ich mich nicht verschlie\u00dfen. Es gilt aber immer abzuw\u00e4gen, was f\u00fcr uns in der Verbandsgemeinde insgesamt richtig ist.<\/p>\n<p style=\"text-align: left;\">Wichtig ist das zuh\u00f6ren, verstehen, nachdenken und dann auch zu entscheiden.<\/p>\n<p style=\"text-align: left;\">Die in der Verbandsgemeinde H\u00f6hr-Grenzhausen begonnene vertrauensvolle Integrationsarbeit mit B\u00fcrgerinnen und B\u00fcrger fremder Herkunft muss fortgesetzt werden.<\/p>\n<p style=\"text-align: left;\">\n","protected":false},"excerpt":{"rendered":"<p>Ich m\u00f6chte als B\u00fcrgermeister der Verbandsgemeinde helfen die Gemeinden in wirtschaftlicher und sozialer Hinsicht fortzuentwickeln. Hier muss die Verwaltung alle Kraft aufbieten, um&hellip;<\/p>\n","protected":false},"author":3,"featured_media":0,"parent":0,"menu_order":4,"comment_status":"closed","ping_status":"closed","template":"special.php","meta":{"spay_email":"","footnotes":""},"class_list":["post-9","page","type-page","status-publish","hentry"],"_links":{"self":[{"href":"https:\/\/www.becker-thilo.de\/index.php?rest_route=\/wp\/v2\/pages\/9","targetHints":{"allow":["GET"]}}],"collection":[{"href":"https:\/\/www.becker-thilo.de\/index.php?rest_route=\/wp\/v2\/pages"}],"about":[{"href":"https:\/\/www.becker-thilo.de\/index.php?rest_route=\/wp\/v2\/types\/page"}],"author":[{"embeddable":true,"href":"https:\/\/www.becker-thilo.de\/index.php?rest_route=\/wp\/v2\/users\/3"}],"replies":[{"embeddable":true,"href":"https:\/\/www.becker-thilo.de\/index.php?rest_route=%2Fwp%2Fv2%2Fcomments&post=9"}],"version-history":[{"count":0,"href":"https:\/\/www.becker-thilo.de\/index.php?rest_route=\/wp\/v2\/pages\/9\/revisions"}],"wp:attachment":[{"href":"https:\/\/www.becker-thilo.de\/index.php?rest_route=%2Fwp%2Fv2%2Fmedia&parent=9"}],"curies":[{"name":"wp","href":"https:\/\/api.w.org\/{rel}","templated":true}]}}