{"id":7,"date":"2008-12-26T15:06:08","date_gmt":"2008-12-26T14:06:08","guid":{"rendered":"http:\/\/www.becker-thilo.de\/?page_id=7"},"modified":"2017-04-14T15:44:31","modified_gmt":"2017-04-14T13:44:31","slug":"uber-mich","status":"publish","type":"page","link":"https:\/\/www.becker-thilo.de\/?page_id=7","title":{"rendered":"\u00dcber mich"},"content":{"rendered":"<p style=\"padding-left: 30px;\"><strong><span style=\"color: #993300;\">Pers\u00f6nliches<\/span><\/strong><\/p>\n<ul>\n<li>Geboren 1961 in H\u00f6hr-Grenzhausen<\/li>\n<li>Kindheit und Jugend in H\u00f6hr-Grenzhausen<\/li>\n<li>1984 Heirat Ehefrau Krista und Umzug nach Hundsdorf<\/li>\n<li>Geburt Tochter Michaela 1989 und Sohn Tobias 1992<\/li>\n<\/ul>\n<p style=\"padding-left: 30px;\"><strong><span style=\"color: #993300;\">Berufliches<\/span><\/strong> &#8211; Diplom-Verwaltungswirt (FH)<\/p>\n<ul style=\"text-align: left;\">\n<li>1979 Beginn der Ausbildung bei der <a title=\"Verbandsgemeindeverwaltung H\u00c3\u00b6hr-Grenzhausen\" href=\"http:\/\/www.hoehr-grenzhausen.de\" target=\"_blank\">Verbandsgemeindeverwaltung H\u00f6hr-Grenzhausen<\/a> als Dienstanf\u00e4nger<\/li>\n<li>1982 Anw\u00e4rter mittlerer nichttechnischer Dienst bei der Verbandsgemeindeverwaltung H\u00f6hr-Grenzhausen<br \/>\nMehrj\u00e4hrige T\u00e4tigkeit im Bereich der K\u00e4mmerei\/Haushalt und bei der Verbandsgemeindekasse, dort auch als stellvertretender Kassenleiter<\/li>\n<li>1989 Beginn Studium an der <a title=\"Fachhochschule f\u00c3\u00bcr \u00c3\u00b6ffentliche Verwaltung\" href=\"http:\/\/www.fhoev-mayen.de\/\" target=\"_blank\">Fachhochschule f\u00fcr \u00f6ffentliche Verwaltung Mayen<\/a> f\u00fcr den gehobenen Dienst<\/li>\n<li>1992 Pr\u00fcfung und Verleihung Dipl. Verwaltungswirt (FH), Umsetzung innerhalb der Verbandsgemeindeverwaltung H\u00f6hr-Grenzhausen zum heutigen Fachbereich I &#8220;Organisation und Finanzen&#8221;, gleichzeitig Bestellung zum stellvertretenden Abteilungs- und B\u00fcroleiter<\/li>\n<li>1997 Bestellung zum B\u00fcroleiter der Verbandsgemeindeverwaltung H\u00f6hr-Grenzhausen<\/li>\n<\/ul>\n<p style=\"padding-left: 30px; text-align: left;\"><strong><span style=\"color: #993300;\">Politik<\/span><\/strong><\/p>\n<ul style=\"text-align: left;\">\n<li>1993 Ernennung zum 1. Beigeordneten meiner Heimatgemeinde <a title=\"Hundsdorf im Westerwald\" href=\"http:\/\/www.hundsdorf.de\" target=\"_blank\">Hundsdorf<\/a><\/li>\n<li>1994 Wahl und Ernennung zum B\u00fcrgermeister der Gemeinde Hundsdorf<\/li>\n<li>September 2002 R\u00fccktritt als Ortsb\u00fcrgermeister aus famili\u00e4ren Gr\u00fcnden<\/li>\n<\/ul>\n<p style=\"padding-left: 30px;\"><strong><span style=\"color: #993300;\">Hobbys<\/span><\/strong><\/p>\n<ul style=\"text-align: left;\">\n<li>Karneval in der Verbandsgemeinde H\u00f6hr-Grenzhausen, Vorstandsmitglied der <a title=\"KG Grau-Blau\" href=\"http:\/\/www.grau-blau.de\" target=\"_blank\">Karnevalsgesellschaft Grau-Blau<\/a><\/li>\n<li>Aktives Mitglied der Freiw. Feuerwehr Hundsdorf<\/li>\n<li>Motorradfahren, Wandern, <a href=\"http:\/\/www.d-wdel.de\/\" target=\"_blank\">Fotografieren<\/a><\/li>\n<li>Sport, insbesondere Laufen und Radfahren<\/li>\n<li>Vorstandsmitglied der B\u00fcrgergemeinschaft <a href=\"http:\/\/www.mach-mit-hillscheid.de\/\" target=\"_blank\">&#8220;Mach Mit e.V. Hillscheid&#8221;<\/a><\/li>\n<li>Vorsitzender des F\u00f6rdervereins <a href=\"http:\/\/www.juz-zweiteheimat.de\/uncategorised\/traegerverein-157.html\" target=\"_blank\">&#8220;Jugend- und Kulturzentrum Zweite Heimat&#8221;<\/a><\/li>\n<\/ul>\n<p style=\"padding-left: 60px;\"><strong><span style=\"color: #993300;\"><br \/>\n<\/span><\/strong><\/p>\n","protected":false},"excerpt":{"rendered":"<p>Pers\u00f6nliches Geboren 1961 in H\u00f6hr-Grenzhausen Kindheit und Jugend in H\u00f6hr-Grenzhausen 1984 Heirat Ehefrau Krista und Umzug nach Hundsdorf Geburt Tochter Michaela 1989 und&hellip;<\/p>\n","protected":false},"author":3,"featured_media":0,"parent":0,"menu_order":2,"comment_status":"closed","ping_status":"closed","template":"","meta":{"spay_email":"","footnotes":""},"class_list":["post-7","page","type-page","status-publish","hentry"],"_links":{"self":[{"href":"https:\/\/www.becker-thilo.de\/index.php?rest_route=\/wp\/v2\/pages\/7","targetHints":{"allow":["GET"]}}],"collection":[{"href":"https:\/\/www.becker-thilo.de\/index.php?rest_route=\/wp\/v2\/pages"}],"about":[{"href":"https:\/\/www.becker-thilo.de\/index.php?rest_route=\/wp\/v2\/types\/page"}],"author":[{"embeddable":true,"href":"https:\/\/www.becker-thilo.de\/index.php?rest_route=\/wp\/v2\/users\/3"}],"replies":[{"embeddable":true,"href":"https:\/\/www.becker-thilo.de\/index.php?rest_route=%2Fwp%2Fv2%2Fcomments&post=7"}],"version-history":[{"count":0,"href":"https:\/\/www.becker-thilo.de\/index.php?rest_route=\/wp\/v2\/pages\/7\/revisions"}],"wp:attachment":[{"href":"https:\/\/www.becker-thilo.de\/index.php?rest_route=%2Fwp%2Fv2%2Fmedia&parent=7"}],"curies":[{"name":"wp","href":"https:\/\/api.w.org\/{rel}","templated":true}]}}