{"id":56,"date":"2008-12-27T08:06:08","date_gmt":"2008-12-27T07:06:08","guid":{"rendered":"http:\/\/www.becker-thilo.de\/?page_id=56"},"modified":"2014-01-04T19:23:23","modified_gmt":"2014-01-04T18:23:23","slug":"motivation-zur-kandidatur","status":"publish","type":"page","link":"https:\/\/www.becker-thilo.de\/?page_id=56","title":{"rendered":"Motivation zur Kandidatur"},"content":{"rendered":"<p style=\"text-align: left;\">Meine Motivation zur Kandidatur als hauptamtlicher B\u00fcrgermeister der Verbandsgemeinde H\u00f6hr-Grenzhausen war und ist vielseitig. Zum einen wollte ich nat\u00fcrlich die erfolgreiche Arbeit von Herrn Johannsen fortsetzen. Als sein B\u00fcroleiter war ich bis zur Wahl im Jahre 2009 ma\u00dfgeblich in die Verwaltungsf\u00fchrung eingebunden.<\/p>\n<p style=\"text-align: left;\">Zum anderen &#8211; und das ist ein sehr wichtiger Beweggrund f\u00fcr mich &#8211; m\u00f6chte ich die Verwaltung als Dienstleistungsunternehmen weiterentwickeln\/ausbauen.<\/p>\n<p style=\"text-align: left;\">Die Frage, ob ich &#8211; wie Herr Johannsen &#8211; als B\u00fcrgermeister f\u00fcr die Stadt und Verbandsgemeinde H\u00f6hr-Grenzhausen kandidieren m\u00f6chte, hat sich mir nie gestellt. Denn durch meinen Wohnort kann ich nicht in Personalunion f\u00fcr die Verbandsgemeinde und Stadt kandidieren.<\/p>\n<p style=\"text-align: left;\">Dennoch: Als geb\u00fcrtiger H\u00f6hr-Grenzh\u00e4user bin ich tief mit dieser Stadt und der Verbandsgemeinde verwurzelt. Meine Einstellung zu meinen Aufgaben in der Kommunalverwaltung, mein Engagement, ist gepr\u00e4gt von viel Herzblut f\u00fcr diese Verbandsgemeinde, f\u00fcr diese Stadt und die Ortsgemeinden.<\/p>\n<p style=\"text-align: left;\">Ich bin fest davon \u00fcberzeugt, dass die Kommunen in unserer Demokratie eine wichtige Aufgabe wahrnehmen. In den R\u00e4ten werden Sachentscheidungen getroffen, die unmittelbar die Lebensumst\u00e4nde unserer B\u00fcrger betreffen. Egal, ob es die Erweiterung von Kinderg\u00e4rten, die Schulentwicklung, die Innenstadtsanierung, die Wasserversorgung oder die Belange der Feuerwehr betrifft: Diese Entscheidungen d\u00fcrfen nicht von parteipolitischen \u00dcberlegungen gepr\u00e4gt sein. Einzig das Gemeinwohl hat bei den Beratungen im Vordergrund zu stehen. Ausschlie\u00dflich am Gemeinwohl m\u00fcssen sich die Entscheidungen messen lassen. Als parteiloser und unabh\u00e4ngiger Bewerber ist mir das Miteinander wichtig.<\/p>\n<p style=\"text-align: left;\">Die Verwaltung steht vor gro\u00dfen Aufgaben. Diese Aufgaben zum Wohle und Interesse der B\u00fcrgerinnen und B\u00fcrger unserer Verbandsgemeinde und Ortsgemeinden zu erf\u00fcllen &#8211; das ist mein Hauptanliegen!<\/p>\n<p style=\"text-align: left;\">Und nicht zuletzt war es der Zuspruch, den ich von vielen aktiven Kommunalpolitikern aller Gremien innerhalb der Verbandsgemeinde erhalten habe, die auffordernden Worte der B\u00fcrgerinnen und B\u00fcrger von H\u00f6hr-Grenzhausen, Hillscheid, Hilgert und Kammerforst, der mich in meiner Entscheidung, zu kandidieren, best\u00e4rkt.<\/p>\n","protected":false},"excerpt":{"rendered":"<p>Meine Motivation zur Kandidatur als hauptamtlicher B\u00fcrgermeister der Verbandsgemeinde H\u00f6hr-Grenzhausen war und ist vielseitig. Zum einen wollte ich nat\u00fcrlich die erfolgreiche Arbeit von&hellip;<\/p>\n","protected":false},"author":3,"featured_media":0,"parent":0,"menu_order":3,"comment_status":"closed","ping_status":"closed","template":"special.php","meta":{"spay_email":"","footnotes":""},"class_list":["post-56","page","type-page","status-publish","hentry"],"_links":{"self":[{"href":"https:\/\/www.becker-thilo.de\/index.php?rest_route=\/wp\/v2\/pages\/56","targetHints":{"allow":["GET"]}}],"collection":[{"href":"https:\/\/www.becker-thilo.de\/index.php?rest_route=\/wp\/v2\/pages"}],"about":[{"href":"https:\/\/www.becker-thilo.de\/index.php?rest_route=\/wp\/v2\/types\/page"}],"author":[{"embeddable":true,"href":"https:\/\/www.becker-thilo.de\/index.php?rest_route=\/wp\/v2\/users\/3"}],"replies":[{"embeddable":true,"href":"https:\/\/www.becker-thilo.de\/index.php?rest_route=%2Fwp%2Fv2%2Fcomments&post=56"}],"version-history":[{"count":0,"href":"https:\/\/www.becker-thilo.de\/index.php?rest_route=\/wp\/v2\/pages\/56\/revisions"}],"wp:attachment":[{"href":"https:\/\/www.becker-thilo.de\/index.php?rest_route=%2Fwp%2Fv2%2Fmedia&parent=56"}],"curies":[{"name":"wp","href":"https:\/\/api.w.org\/{rel}","templated":true}]}}