{"id":267,"date":"2009-03-08T18:57:31","date_gmt":"2009-03-08T17:57:31","guid":{"rendered":"http:\/\/www.becker-thilo.de\/?page_id=267"},"modified":"2009-12-24T17:01:05","modified_gmt":"2009-12-24T16:01:05","slug":"schule-bildung-generationen","status":"publish","type":"page","link":"https:\/\/www.becker-thilo.de\/?page_id=267","title":{"rendered":"Schule \/ Bildung \/ Generationen"},"content":{"rendered":"<p style=\"text-align: left;\">Zu den Grundschulen habe ich bereits auf einer anderen <a href=\"https:\/\/www.becker-thilo.de\/?page_id=192\" target=\"_self\">Seite<\/a> Stellung bezogen. Die Verbandsgemeinde hat nur eingeschr\u00e4nkte Gestaltungsm\u00f6glichkeiten zum Schulstandort. Daher ist es mir wichtig &#8220;Sprachrohr&#8221; und Ansprechpartner f\u00fcr die Belange unserer Sch\u00fcler innerhalb der Verbandsgemeinde zu sein. Gleichg\u00fcltig ob Fachhochschule oder Grundschule, jede dieser Einrichtungen ist ein Standortfaktor f\u00fcr unsere Verbandsgemeinde.<\/p>\n<p style=\"text-align: left;\">\u00dcber viele Jahre hat sich in H\u00f6hr-Grenzhausen ein Jugendnetzwerk entwickelt, das auch in den Gemeinden Hillscheid und Hilgert aktiv in der offenen Jugendarbeit t\u00e4tig ist. Als zentrale Stelle hat sich hier das <a title=\"Internetseite Zweite Heimat\" href=\"http:\/\/www.juz-zweiteheimat.de\/\" target=\"_blank\">Jugend- und Kulturzentrum &#8220;Zweite Heimat&#8221;<\/a> etabliert. Diese Arbeit gilt es weiter zu unterst\u00fctzen und in den Ortsgemeinden auszubauen. Erstrebenswert ist eine Zusammenarbeit von ehrenamtlichen Mitarbeitern und den &#8220;Profis&#8221;. Hierdurch wird es m\u00f6glich sein, auch ohne Aufstockung des Personals viele hilfreiche kleine Bausteine in der Jugendarbeit anzubieten.<\/p>\n<p style=\"text-align: left;\">Die im Schuljahr 2007\/2008 begonnene <strong>Schulsozialarbeit<\/strong> an der Hauptschule, hierf\u00fcr w\u00e4re eigentlich der Westerwaldkreis zust\u00e4ndig, muss auch in der Realschule plus fortgef\u00fchrt werden. Die optimale Zusammenarbeit zwischen Jugendhaus und Schule sollte beibehalten und die Schulsozialarbeit weiterhin von der &#8220;Zweiten Heimat&#8221; angeboten werden, wenn der Westerwaldkreis als Schultr\u00e4ger der Realschule plus die ungedeckten Kosten \u00fcbernimmt.<\/p>\n<p style=\"text-align: left;\">In den kommenden Jahren wird es neue Aufgaben f\u00fcr die Kommunen durch die Auswirkungen des <strong>demographischen Wandels<\/strong> geben. Dabei gilt es beispielhaft den Umbau des Stadt- und der Ortskerne in den Vordergrund zu r\u00fccken. Anstatt immer weitere Neubaugebiete auszuweisen sollte man zu R\u00fcckbau und Sanierung von altersgerechtem Wohnraum in den Ortskernen \u00fcbergehen. An zwei Zahlen m\u00f6chte ich deutlich machen welche Auswirkungen der Anstieg der \u00e4lteren Bev\u00f6lkerung hat. In H\u00f6hr-Grenzhausen gibt es rund 250 Pl\u00e4tze in Seniorenheimen, dieser Zahl steht eine Einwohnerschaft von \u00fcber 650 Menschen mit dem Lebensalter 80 Jahre und \u00e4lter gegen\u00fcber. Im Durchschnitt suchen Menschen im Lebensalter von 80 Jahren einen Platz in einem Seniorenheim. Es wird deutlich, dass man neben den Heimpl\u00e4tzen andere Formen von altersgerechtem Wohnen schaffen und anbieten muss. Hierf\u00fcr m\u00fcssen die Strukturen, auch ehrenamtliche, geschaffen werden.<br \/>\nUnserem ausgepr\u00e4gten Jugendnetzwerk sollte ein gleichwertiges Seniorennetzwerk zur Seite stehen. Hier stellt sich die Chance durch b\u00fcrgerschaftliches Engagement, denn viele junge und aktive &#8220;Alten&#8221; wollen ihre Zukunft selbst gestalten und sind sich der kommenden Ver\u00e4nderung bewusst. Die Unterst\u00fctzung dieses Engagements muss durch die Verwaltung gew\u00e4hrleistet sein und als neue &#8220;Querschnittsaufgabe&#8221; in der Verwaltung angesehen werden.<\/p>\n","protected":false},"excerpt":{"rendered":"<p>Zu den Grundschulen habe ich bereits auf einer anderen Seite Stellung bezogen. Die Verbandsgemeinde hat nur eingeschr\u00e4nkte Gestaltungsm\u00f6glichkeiten zum Schulstandort. Daher ist es&hellip;<\/p>\n","protected":false},"author":3,"featured_media":0,"parent":9,"menu_order":5,"comment_status":"closed","ping_status":"closed","template":"special.php","meta":{"spay_email":"","footnotes":""},"class_list":["post-267","page","type-page","status-publish","hentry"],"_links":{"self":[{"href":"https:\/\/www.becker-thilo.de\/index.php?rest_route=\/wp\/v2\/pages\/267","targetHints":{"allow":["GET"]}}],"collection":[{"href":"https:\/\/www.becker-thilo.de\/index.php?rest_route=\/wp\/v2\/pages"}],"about":[{"href":"https:\/\/www.becker-thilo.de\/index.php?rest_route=\/wp\/v2\/types\/page"}],"author":[{"embeddable":true,"href":"https:\/\/www.becker-thilo.de\/index.php?rest_route=\/wp\/v2\/users\/3"}],"replies":[{"embeddable":true,"href":"https:\/\/www.becker-thilo.de\/index.php?rest_route=%2Fwp%2Fv2%2Fcomments&post=267"}],"version-history":[{"count":0,"href":"https:\/\/www.becker-thilo.de\/index.php?rest_route=\/wp\/v2\/pages\/267\/revisions"}],"up":[{"embeddable":true,"href":"https:\/\/www.becker-thilo.de\/index.php?rest_route=\/wp\/v2\/pages\/9"}],"wp:attachment":[{"href":"https:\/\/www.becker-thilo.de\/index.php?rest_route=%2Fwp%2Fv2%2Fmedia&parent=267"}],"curies":[{"name":"wp","href":"https:\/\/api.w.org\/{rel}","templated":true}]}}