{"id":265,"date":"2009-03-08T19:13:52","date_gmt":"2009-03-08T18:13:52","guid":{"rendered":"http:\/\/www.becker-thilo.de\/?page_id=265"},"modified":"2017-04-30T13:43:50","modified_gmt":"2017-04-30T11:43:50","slug":"kommunale-wirtschaftsforderung-sanierung-tourismus","status":"publish","type":"page","link":"https:\/\/www.becker-thilo.de\/?page_id=265","title":{"rendered":"Kommunale Wirtschaftsf\u00f6rderung \/ Sanierung \/ Tourismus"},"content":{"rendered":"<p style=\"text-align: left;\">Unter kommunaler Wirtschaftsf\u00f6rderung verstehe ich nicht die Ausweisung von neuen Gewerbefl\u00e4chen, das w\u00e4re zu einfach und wahrscheinlich f\u00fcr die Zukunft zu wenig, wenn nicht sogar falsch. Vorhandene Fl\u00e4chen m\u00fcssen genutzt und dem Bedarf angepasst werden. Eine florierende Wirtschaft in unserer Verbandsgemeinde gew\u00e4hrleistet eine geringe Arbeitslosigkeit und versorgt die Kommunen mit Steuereinnahmen. Letztlich muss dieses Feld von der Wirtschaft selbst eigenverantwortlich gestaltet werden. Die Kommune oder Gemeinde kann nur f\u00fcr optimale Rahmenbedingungen sorgen. Daf\u00fcr ist es erforderlich eine vertrauensvolle <strong>Zusammenarbeit mit allen Unternehmen<\/strong> vor Ort einzurichten. Solche Gespr\u00e4che sind sensibel und d\u00fcrfen manchmal nicht an die &#8220;gro\u00dfe Glocke&#8221; gehangen werden.<\/p>\n<p style=\"text-align: left;\">Dem Verbleib und auch die Ansiedlung von Industrie, Gewerbe, Handwerk und Handel in unserer Verbandsgemeinde m\u00f6chte ich mit allen Mitteln der Verwaltung unterst\u00fctzen.<\/p>\n<p style=\"text-align: left;\">F\u00fcr den <strong>Handel<\/strong> w\u00fcnsche ich mir einen attraktiven Branchenmix bei einer wohnortnahen Versorgung.<\/p>\n<p style=\"text-align: left;\">Der <a href=\"https:\/\/www.becker-thilo.de\/?tag=tourismus\"><strong>Tourismus <\/strong><\/a>hat sich in den vergangenen Jahren stetig in unserer Verbandsgemeinde entwickelt. Die <a href=\"https:\/\/www.becker-thilo.de\/?p=1326\">Zusammenarbeit mit der benachbarten Verbandsgemeinde Ransbach-Baumbach<\/a> tr\u00e4gt F\u00fcrchte. Die Anzahl der \u00dcbernachtungen konnte in den letzten Jahren stets gesteigert werden. Sicherlich ein Verdienst der ans\u00e4ssigen Unternehmen, doch auch hier wurde durch die Kommunen notwendige Unterst\u00fctzung in vielf\u00e4ltiger Form gew\u00e4hrt. Mit dem &#8220;Alleinstellungsmerkmal&#8221; <strong>Keramik<\/strong> besitzen wir eine &#8220;Marke&#8221;, mit der wir uns einem bundesweiten und europ\u00e4ischen Publikum eindrucksvoll pr\u00e4sentieren k\u00f6nnen. &#8220;<\/p>\n<p style=\"text-align: left;\">Die Fertigstellung der Umgehungsstra\u00dfe von H\u00f6hr-Grenzhausen nach Hillscheid hat zu einer weiteren Steigerung des Gewerbegebietes in Hillscheid gef\u00fchrt. Mit dessen Erweiterung wird das Angebot an Gewerbefl\u00e4chen attraktiv ausgestaltet.<\/p>\n<p style=\"text-align: left;\">Die Neugestaltung der \u00f6ffentlichen Stra\u00dfen und Pl\u00e4tze im Sanierungsgebiet H\u00f6hr-Grenzhausen ist fast abgeschlossen. In Zusammenarbeit mit B\u00fcrgern, Eigent\u00fcmern Quartiersmanagement, Rat und Verwaltung muss es uns gelingen, die Innenstadt von H\u00f6hr-Grenzhausen f\u00fcr die Zukunft auszurichten. Vorhandene Strukturen, Geb\u00e4udeleerstand und unterschiedliche Sichtweisen machen diese Aufgaben sehr komplex. Wichtig ist mir hier der Dialog und Unterst\u00fctzung der Akteure in der Innenstadt. Eine solche Unterst\u00fctzungsleistung der Verwaltung d\u00fcrfen sich auch die Gemeinden im Rahmen ihrer Dorferneuerung gewiss sein.<\/p>\n","protected":false},"excerpt":{"rendered":"<p>Unter kommunaler Wirtschaftsf\u00f6rderung verstehe ich nicht die Ausweisung von neuen Gewerbefl\u00e4chen, das w\u00e4re zu einfach und wahrscheinlich f\u00fcr die Zukunft zu wenig, wenn&hellip;<\/p>\n","protected":false},"author":3,"featured_media":0,"parent":9,"menu_order":4,"comment_status":"closed","ping_status":"closed","template":"","meta":{"spay_email":"","footnotes":""},"class_list":["post-265","page","type-page","status-publish","hentry"],"_links":{"self":[{"href":"https:\/\/www.becker-thilo.de\/index.php?rest_route=\/wp\/v2\/pages\/265","targetHints":{"allow":["GET"]}}],"collection":[{"href":"https:\/\/www.becker-thilo.de\/index.php?rest_route=\/wp\/v2\/pages"}],"about":[{"href":"https:\/\/www.becker-thilo.de\/index.php?rest_route=\/wp\/v2\/types\/page"}],"author":[{"embeddable":true,"href":"https:\/\/www.becker-thilo.de\/index.php?rest_route=\/wp\/v2\/users\/3"}],"replies":[{"embeddable":true,"href":"https:\/\/www.becker-thilo.de\/index.php?rest_route=%2Fwp%2Fv2%2Fcomments&post=265"}],"version-history":[{"count":0,"href":"https:\/\/www.becker-thilo.de\/index.php?rest_route=\/wp\/v2\/pages\/265\/revisions"}],"up":[{"embeddable":true,"href":"https:\/\/www.becker-thilo.de\/index.php?rest_route=\/wp\/v2\/pages\/9"}],"wp:attachment":[{"href":"https:\/\/www.becker-thilo.de\/index.php?rest_route=%2Fwp%2Fv2%2Fmedia&parent=265"}],"curies":[{"name":"wp","href":"https:\/\/api.w.org\/{rel}","templated":true}]}}