{"id":192,"date":"2009-02-12T20:41:42","date_gmt":"2009-02-12T19:41:42","guid":{"rendered":"http:\/\/www.becker-thilo.de\/?page_id=192"},"modified":"2009-12-24T16:51:37","modified_gmt":"2009-12-24T15:51:37","slug":"grundschulen-schulen","status":"publish","type":"page","link":"https:\/\/www.becker-thilo.de\/?page_id=192","title":{"rendered":"Grundschulen &#8211; Schulen"},"content":{"rendered":"<p style=\"text-align: left;\">Die Verbandsgemeinde ist Tr\u00e4ger, verantwortlich, f\u00fcr die <a title=\"Interseiten der Sonnenfeld-Schule\" href=\"http:\/\/www.sonnenfeldschule.de\/\" target=\"_blank\">Sonnenfeld-Schule<\/a> in Hilgert. In diese Grundschule gehen die Kinder aus Hilgert und Kammerforst. Die beiden anderen Grundschulen in der Verbandsgemeinde H\u00f6hr-Grenzhausen, die <a title=\"Internetseiten der Goethe-Schule\" href=\"http:\/\/www.gs-hoehr-g.de\/index.htm\" target=\"_blank\">Goethe-Schule<\/a> in H\u00f6hr-Grenzhausen und die <a title=\"Internetseiten der Melchiades-Best-Schule\" href=\"http:\/\/www.gs-hillscheid.de\/\" target=\"_blank\">Melchiades-Best-Schule<\/a> in Hillscheid, stehen in der Tr\u00e4gerschaft der Stadt H\u00f6hr-Grenzhausen bzw. der Gemeinde Hillscheid. Daher erfolgt die Finanzierung der Grundschule in Hilgert \u00fcber eine sogenannte Sonderumlage, die von den beiden Gemeinden Hilgert und Kammerforst zu bezahlen ist.<\/p>\n<p style=\"text-align: left;\">Die Sonnenfeld-Schule in Hilgert muss dringend saniert werden. In den letzten Jahren wurde in den Innenr\u00e4umen der Anstrich teilweise erneuert und die Toilettenanlage saniert. Doch in den Klassenr\u00e4umen zieht es, die Fenster sind in einem schlechten Zustand und entsprechen nicht mehr dem heutigen Standard. Das Dach m\u00fcsste saniert bzw. erneuert werden. Die Heizungsanlage ist ebenfalls \u00fcberaltert.<\/p>\n<p style=\"text-align: left;\">Gemeinsam mit den Gemeinder\u00e4ten Kammerforst, Hilgert und dem Verbandsgemeinderat sowie den jeweiligen Ortsb\u00fcrgermeistern m\u00f6chte ich die Generalsanierung der Schule vorantreiben. Vielleicht kann sogar mit Hilfe des &#8220;Konjunkturpaketes II&#8221; eine besondere F\u00f6rderung oder schnellere Realisierung erfolgen. Nat\u00fcrlich muss bei der Generalsanierung auch die Energieeffizienz ber\u00fccksichtigt werden. Gerade bei einer Schule mit dem Namen &#8220;Sonnenfeld-Schule&#8221; muss man die Sonnenenergie in vern\u00fcnftiger Weise nutzbar machen.<\/p>\n<p style=\"text-align: left;\">Die \u00dcberschrift f\u00fcr diese Seite hei\u00dft Grundschulen &#8211; Schulen, nat\u00fcrlich m\u00f6chte ich auch weiterhin Ansprechpartner f\u00fcr alle anderen Schulen in unserer Verbandsgemeinde bleiben, auch ohne f\u00f6rmliche Zust\u00e4ndigkeit. Die Schulen sind ein wichtiger Standortfaktor und die enge Zusammenarbeit lohnt sich f\u00fcr alle, ohne Ausnahme. Daher werde ich das von B\u00fcrgermeister Johannsen initierte halbj\u00e4hrliche Treffen der Schulleiter als, hoffentlich, zuk\u00fcnftiger B\u00fcrgermeister beibehalten.<\/p>\n","protected":false},"excerpt":{"rendered":"<p>Die Verbandsgemeinde ist Tr\u00e4ger, verantwortlich, f\u00fcr die Sonnenfeld-Schule in Hilgert. In diese Grundschule gehen die Kinder aus Hilgert und Kammerforst. Die beiden anderen&hellip;<\/p>\n","protected":false},"author":3,"featured_media":0,"parent":9,"menu_order":3,"comment_status":"closed","ping_status":"closed","template":"special.php","meta":{"spay_email":"","footnotes":""},"class_list":["post-192","page","type-page","status-publish","hentry"],"_links":{"self":[{"href":"https:\/\/www.becker-thilo.de\/index.php?rest_route=\/wp\/v2\/pages\/192","targetHints":{"allow":["GET"]}}],"collection":[{"href":"https:\/\/www.becker-thilo.de\/index.php?rest_route=\/wp\/v2\/pages"}],"about":[{"href":"https:\/\/www.becker-thilo.de\/index.php?rest_route=\/wp\/v2\/types\/page"}],"author":[{"embeddable":true,"href":"https:\/\/www.becker-thilo.de\/index.php?rest_route=\/wp\/v2\/users\/3"}],"replies":[{"embeddable":true,"href":"https:\/\/www.becker-thilo.de\/index.php?rest_route=%2Fwp%2Fv2%2Fcomments&post=192"}],"version-history":[{"count":0,"href":"https:\/\/www.becker-thilo.de\/index.php?rest_route=\/wp\/v2\/pages\/192\/revisions"}],"up":[{"embeddable":true,"href":"https:\/\/www.becker-thilo.de\/index.php?rest_route=\/wp\/v2\/pages\/9"}],"wp:attachment":[{"href":"https:\/\/www.becker-thilo.de\/index.php?rest_route=%2Fwp%2Fv2%2Fmedia&parent=192"}],"curies":[{"name":"wp","href":"https:\/\/api.w.org\/{rel}","templated":true}]}}