{"id":168,"date":"2009-02-01T15:19:25","date_gmt":"2009-02-01T14:19:25","guid":{"rendered":"http:\/\/www.becker-thilo.de\/?page_id=168"},"modified":"2009-12-24T16:48:17","modified_gmt":"2009-12-24T15:48:17","slug":"wasserversorgung-abwasserbeseitigung","status":"publish","type":"page","link":"https:\/\/www.becker-thilo.de\/?page_id=168","title":{"rendered":"Wasserversorgung \/ Abwasserbeseitigung"},"content":{"rendered":"<p style=\"text-align: left;\">Die Verbandsgemeinde H\u00f6hr-Grenzhausen ist zust\u00e4ndig f\u00fcr die Wasserversorgung und die Abwasserbeseitigung. Diese Aufgabe wird durch einen Eigenbetrieb, die Verbandsgemeindewerke, wahrgenommen. Durch die Verbandsgemendewerke wurde ein hoher Standard in der Wasserversorgung und der Abwasserbeseitigung erreicht. Dieser Standard muss beibehalten werden. Andererseits werden ua. steigende Energiepreise und der sinnvolle Umgang mit dem Lebensmittel Wasser durch die Kunden einen Preisdruck entstehen lassen. Mit einem R\u00fcckgang des Wasserverbrauchs ist fast automatisch auch ein Umsatzr\u00fcckgang verbunden. Im Produktionsbereich m\u00fcssen Optimierungen gefunden werden. Hierbei k\u00f6nnte auch eine Zusammenarbeit mit anderen Verbandsgemeinden hilfreich sein. Leider gibt es derzeit keine wirkliche Zusammenarbeit im Bereich Wasserversorgung mit anderen Verbandsgemeindewerken.<\/p>\n<p style=\"text-align: left;\">Mittelfristig muss auch ein &#8220;hausgemachtes&#8221; Problem gel\u00f6st werden. Das kommunale Rechnungswesen wurde in den beiden letzten Jahren von der Kameralistik auf die Doppik (doppelte Buchf\u00fchrung in Konten) umgestellt und damit weitgehend der Buchf\u00fchrung privater Unternehmen angeglichen. Die Verbandsgemeindewerke setzen seit ihrer Gr\u00fcndung die privatwirtschaftliche Buchf\u00fchrung ein. Das bedeutet wir haben zwei unterschiedliche Buchf\u00fchrungen in einer Verwaltung. Auch wenn zuk\u00fcnftig die sogenannte Konzernbilanz eingef\u00fchrt werden soll, muss dringend eine Harmonisierung der rechtlichen Grundlagen durch den Landesgesetzgeber herbeigef\u00fchrt werden. Kein privates Unternehmen w\u00fcrde unterschiedliche Buchf\u00fchrungssysteme f\u00fcr jeden Gesch\u00c3\u00a4ftsbereich aufbauen.<\/p>\n<p style=\"text-align: left;\">Wird es mittelfristig keine gesetzliche Regelung geben, werde ich mich daf\u00fcr einsetzen, dass das Know-how der Mitarbeiter in diesem Bereich geb\u00fcndelt wird und so Synergien nutzbar werden.<\/p>\n<p style=\"text-align: left;\">Der schonende Umgang mit unserem wertvollen Wasser muss allen Verbrauchern weiter verst\u00e4ndlich gemacht werden.<\/p>\n","protected":false},"excerpt":{"rendered":"<p>Die Verbandsgemeinde H\u00f6hr-Grenzhausen ist zust\u00e4ndig f\u00fcr die Wasserversorgung und die Abwasserbeseitigung. Diese Aufgabe wird durch einen Eigenbetrieb, die Verbandsgemeindewerke, wahrgenommen. Durch die Verbandsgemendewerke&hellip;<\/p>\n","protected":false},"author":3,"featured_media":0,"parent":9,"menu_order":2,"comment_status":"closed","ping_status":"closed","template":"special.php","meta":{"spay_email":"","footnotes":""},"class_list":["post-168","page","type-page","status-publish","hentry"],"_links":{"self":[{"href":"https:\/\/www.becker-thilo.de\/index.php?rest_route=\/wp\/v2\/pages\/168","targetHints":{"allow":["GET"]}}],"collection":[{"href":"https:\/\/www.becker-thilo.de\/index.php?rest_route=\/wp\/v2\/pages"}],"about":[{"href":"https:\/\/www.becker-thilo.de\/index.php?rest_route=\/wp\/v2\/types\/page"}],"author":[{"embeddable":true,"href":"https:\/\/www.becker-thilo.de\/index.php?rest_route=\/wp\/v2\/users\/3"}],"replies":[{"embeddable":true,"href":"https:\/\/www.becker-thilo.de\/index.php?rest_route=%2Fwp%2Fv2%2Fcomments&post=168"}],"version-history":[{"count":0,"href":"https:\/\/www.becker-thilo.de\/index.php?rest_route=\/wp\/v2\/pages\/168\/revisions"}],"up":[{"embeddable":true,"href":"https:\/\/www.becker-thilo.de\/index.php?rest_route=\/wp\/v2\/pages\/9"}],"wp:attachment":[{"href":"https:\/\/www.becker-thilo.de\/index.php?rest_route=%2Fwp%2Fv2%2Fmedia&parent=168"}],"curies":[{"name":"wp","href":"https:\/\/api.w.org\/{rel}","templated":true}]}}