{"id":14,"date":"2008-12-26T15:13:50","date_gmt":"2008-12-26T14:13:50","guid":{"rendered":"http:\/\/www.becker-thilo.de\/?page_id=14"},"modified":"2017-04-14T17:07:47","modified_gmt":"2017-04-14T15:07:47","slug":"willkommen-bei-thilo-becker","status":"publish","type":"page","link":"https:\/\/www.becker-thilo.de\/?page_id=14","title":{"rendered":"Herzlich Willkommen"},"content":{"rendered":"<p style=\"text-align: left;\"><a href=\"https:\/\/www.becker-thilo.de\/wp-content\/uploads\/2008\/12\/Portrait17.png\"><img loading=\"lazy\" decoding=\"async\" data-attachment-id=\"4600\" data-permalink=\"https:\/\/www.becker-thilo.de\/?attachment_id=4600\" data-orig-file=\"https:\/\/www.becker-thilo.de\/wp-content\/uploads\/2008\/12\/Portrait17.png\" data-orig-size=\"255,600\" data-comments-opened=\"1\" data-image-meta=\"{&quot;aperture&quot;:&quot;0&quot;,&quot;credit&quot;:&quot;&quot;,&quot;camera&quot;:&quot;&quot;,&quot;caption&quot;:&quot;&quot;,&quot;created_timestamp&quot;:&quot;0&quot;,&quot;copyright&quot;:&quot;&quot;,&quot;focal_length&quot;:&quot;0&quot;,&quot;iso&quot;:&quot;0&quot;,&quot;shutter_speed&quot;:&quot;0&quot;,&quot;title&quot;:&quot;&quot;,&quot;orientation&quot;:&quot;0&quot;}\" data-image-title=\"Portrait17\" data-image-description=\"\" data-image-caption=\"\" data-medium-file=\"https:\/\/www.becker-thilo.de\/wp-content\/uploads\/2008\/12\/Portrait17-128x300.png\" data-large-file=\"https:\/\/www.becker-thilo.de\/wp-content\/uploads\/2008\/12\/Portrait17.png\" class=\"alignright size-full wp-image-4600\" src=\"https:\/\/www.becker-thilo.de\/wp-content\/uploads\/2008\/12\/Portrait17.png\" alt=\"\" width=\"255\" height=\"600\" srcset=\"https:\/\/www.becker-thilo.de\/wp-content\/uploads\/2008\/12\/Portrait17.png 255w, https:\/\/www.becker-thilo.de\/wp-content\/uploads\/2008\/12\/Portrait17-128x300.png 128w\" sizes=\"auto, (max-width: 255px) 100vw, 255px\" \/><\/a>Am <a href=\"http:\/\/www.hoehr-grenzhausen.de\/vg_hoehr_grenzhausen\/Medien\/PDF\/Wahlergebnisse\/Wahlergebnis%20B%C3%BCrgermeister%20VG%20H%C3%B6hr-Grenzhausen%202009.htm\" target=\"_blank\">07. Juni 2009<\/a> wurde der hauptamtliche B\u00fcrgermeister der Verbandsgemeinde H\u00f6hr-Grenzhausen gew\u00e4hlt.<\/p>\n<p style=\"text-align: left;\">Im Vorfeld der Wahl hatte ich mich entschlossen, als Kandidat f\u00fcr dieses Amt an der Wahl teilzunehmen. Bei der Wahl selbst konnte ich die Mehrheit der Stimmen erreichen und bin nun seit dem 01. August 2009 B\u00fcrgermeister der Verbandsgemeinde H\u00f6hr-Grenzhausen. Ein Amt das mich fordert, aber auch stolz macht.<br \/>\nOft werde ich gefragt: &#8220;Na w\u00fcrdest Du das wieder machen?&#8221; Die Antwort ist f\u00fcr mich einfach, klar und eindeutig: <strong>JA!<\/strong><br \/>\nAuf diesen Internetseiten erfahren Sie mehr \u00fcber mich und meine Ziele.<\/p>\n<p style=\"text-align: left;\">Ich freue mich \u00fcber Ihr Interesse und w\u00fcnsche Ihnen viel Spa\u00df beim Internet-Surfen.<\/p>\n<p style=\"text-align: left;\"><em>Thilo Becker<\/em><\/p>\n","protected":false},"excerpt":{"rendered":"<p>Am 07. Juni 2009 wurde der hauptamtliche B\u00fcrgermeister der Verbandsgemeinde H\u00f6hr-Grenzhausen gew\u00e4hlt. Im Vorfeld der Wahl hatte ich mich entschlossen, als Kandidat f\u00fcr&hellip;<\/p>\n","protected":false},"author":3,"featured_media":0,"parent":0,"menu_order":1,"comment_status":"closed","ping_status":"closed","template":"","meta":{"spay_email":"","footnotes":""},"class_list":["post-14","page","type-page","status-publish","hentry"],"_links":{"self":[{"href":"https:\/\/www.becker-thilo.de\/index.php?rest_route=\/wp\/v2\/pages\/14","targetHints":{"allow":["GET"]}}],"collection":[{"href":"https:\/\/www.becker-thilo.de\/index.php?rest_route=\/wp\/v2\/pages"}],"about":[{"href":"https:\/\/www.becker-thilo.de\/index.php?rest_route=\/wp\/v2\/types\/page"}],"author":[{"embeddable":true,"href":"https:\/\/www.becker-thilo.de\/index.php?rest_route=\/wp\/v2\/users\/3"}],"replies":[{"embeddable":true,"href":"https:\/\/www.becker-thilo.de\/index.php?rest_route=%2Fwp%2Fv2%2Fcomments&post=14"}],"version-history":[{"count":0,"href":"https:\/\/www.becker-thilo.de\/index.php?rest_route=\/wp\/v2\/pages\/14\/revisions"}],"wp:attachment":[{"href":"https:\/\/www.becker-thilo.de\/index.php?rest_route=%2Fwp%2Fv2%2Fmedia&parent=14"}],"curies":[{"name":"wp","href":"https:\/\/api.w.org\/{rel}","templated":true}]}}