{"id":139,"date":"2009-01-31T08:31:43","date_gmt":"2009-01-31T07:31:43","guid":{"rendered":"http:\/\/www.becker-thilo.de\/?page_id=139"},"modified":"2011-02-25T15:23:25","modified_gmt":"2011-02-25T14:23:25","slug":"kundenfreundliche-verwaltung","status":"publish","type":"page","link":"https:\/\/www.becker-thilo.de\/?page_id=139","title":{"rendered":"B\u00fcrger- und kundenfreundliche Verwaltung"},"content":{"rendered":"<p style=\"text-align: left;\">Die Verbandsgemeindeverwaltung wird den guten Weg der B\u00fcrgern\u00e4he und Aufgeschlossenheit gegen\u00fcber den Kunden fortsetzen und weiterentwickeln. Kunden einer Verwaltung sind f\u00fcr mich die B\u00fcrgerinnen und B\u00fcrger, Ortsb\u00fcrgermeister, Rats- und Ausschussmitglieder sowie die vielen Personen die sich ehrenamtlich engagieren.<\/p>\n<p style=\"text-align: left;\">Die angedachte und f\u00fcr ein Jahr ausprobierte Samstags\u00f6ffnung wurde von der Bev\u00f6lkerung nicht angenommen. Der zus\u00e4tzliche Aufwand (Organisation, Heizkosten usw.) hat sich bei maximal 5 Besuchern an einem Samstag nicht gerechnet. Im Fr\u00fchjahr 2011 werden die \u00d6ffnungszeiten in der Verwaltung dennoch weiter ausgedehn. So wird die Verwaltung zuk\u00fcnftig jeweils von 8 Uhr bis 16 Uhr (Montag, Dienstag und Donnerstag) und am Mittwoch von 8 Uhr bis 18 Uhr durchgehend ge\u00f6ffnet sein. Am Freitag verbleibt es bei den normalen \u00d6ffnungszeiten von 8 Uhr bis 12 Uhr. Selbstverst\u00e4ndlich wird man auch Termine au\u00dferhalb dieser Zeiten vereinbaren k\u00f6nnen.<\/p>\n<p style=\"text-align: left;\">Die demografische Entwicklung f\u00fchrt dazu, dass die Kunden in ihrer Mobilit\u00e4t eingeschr\u00e4nkt sind. Hier muss entweder der \u00f6ffentliche Personennahverkehr deutlich verbessert werden, um die Erreichbarkeit der Verwaltung zu gew\u00e4hrleisten. Eine andere M\u00f6glichkeit w\u00e4re im Zusammenspiel mit der Stadt und den Gemeinden einen &#8220;<strong>Stadtbus<\/strong>&#8221; einzurichten, der die Ortsgemeinden und Randgebiete anf\u00e4hrt. Aber auch f\u00fcr diese L\u00f6sung gibt es Schwierigkeiten. Aufgrund von konzessionierten Busstrecken, m\u00fcssen die Busunternehmen und deren Interessen ber\u00fccksichtigt werden. Eine Konkurrenz zu diesen soll nicht erfolgen. Es gibt eine schnelle und wirkungsvollere Alternative. Die Verbandsgemeindeverwaltung wird in den <strong>Ortsgemeinden<\/strong> <strong>Sprechstunden<\/strong> einrichten. So m\u00fcssen die B\u00fcrger nicht zur Verwaltung, sondern die Verwaltung kommt zu Ihnen. In Hillscheid werden schon ehrenamtliche Strukturen aufgebaut um dem demografischen Wandel zu begegnen. Dieses <strong>b\u00fcrgerschaftliche Engagement<\/strong>, Anbieten von sozialen Dienstleistungen, muss durch die Verwaltung unterst\u00fctzt werden. Ziel soll es sein, den \u00c4lteren unter uns das Leben in gewohnter Umgebung so lange wie m\u00f6glich zu gew\u00e4hrleisten.<\/p>\n<p style=\"text-align: left;\">Bei der Weiterentwicklung der Verwaltung werde ich auch verst\u00e4rkt auf das <strong>Internet<\/strong> setzen. <a title=\"Formularangebot Verbandsgemeinde\" href=\"http:\/\/www.hoehr-grenzhausen.de\/index.php?page=formulare\" target=\"_blank\">Online Antr\u00e4ge<\/a> und <a title=\"B\u00c3\u00bcrgerinformationssystem der VG H\u00c3\u00b6hr-Grenzhausen\" href=\"http:\/\/www2.rlp-buergerinfo.de\/hgsupport\/init.do\" target=\"_blank\">B\u00fcrgerinformationssystem<\/a> sind schon heute abrufbar, doch diese Dienstleistungen m\u00fcssen ausgebaut werden. <strong>eGovernment<\/strong> (das Verwalten mit Informations- und Kommunikationstechnologien \u00fcber elektronische Medien) soll verst\u00e4rkt Einzug in unsere Verwaltung halten, um Informationen rund um die Uhr abrufen zu k\u00f6nnen. Den Aufbau eine <a href=\"http:\/\/www.geoportal.rlp.de\" target=\"_blank\">geographischen Informationssystems<\/a> (GIS &#8211; es werden digitale Grundkarten mit raumbezogenen Sachdaten  zusammengef\u00fchrt) m\u00f6chte ich vorantreiben. Hier k\u00f6nnen ua. Bebauungspl\u00e4ne und Umweltinformationen online recherchiert werden.<\/p>\n","protected":false},"excerpt":{"rendered":"<p>Die Verbandsgemeindeverwaltung wird den guten Weg der B\u00fcrgern\u00e4he und Aufgeschlossenheit gegen\u00fcber den Kunden fortsetzen und weiterentwickeln. Kunden einer Verwaltung sind f\u00fcr mich die&hellip;<\/p>\n","protected":false},"author":3,"featured_media":0,"parent":9,"menu_order":1,"comment_status":"closed","ping_status":"closed","template":"special.php","meta":{"spay_email":"","footnotes":""},"class_list":["post-139","page","type-page","status-publish","hentry"],"_links":{"self":[{"href":"https:\/\/www.becker-thilo.de\/index.php?rest_route=\/wp\/v2\/pages\/139","targetHints":{"allow":["GET"]}}],"collection":[{"href":"https:\/\/www.becker-thilo.de\/index.php?rest_route=\/wp\/v2\/pages"}],"about":[{"href":"https:\/\/www.becker-thilo.de\/index.php?rest_route=\/wp\/v2\/types\/page"}],"author":[{"embeddable":true,"href":"https:\/\/www.becker-thilo.de\/index.php?rest_route=\/wp\/v2\/users\/3"}],"replies":[{"embeddable":true,"href":"https:\/\/www.becker-thilo.de\/index.php?rest_route=%2Fwp%2Fv2%2Fcomments&post=139"}],"version-history":[{"count":0,"href":"https:\/\/www.becker-thilo.de\/index.php?rest_route=\/wp\/v2\/pages\/139\/revisions"}],"up":[{"embeddable":true,"href":"https:\/\/www.becker-thilo.de\/index.php?rest_route=\/wp\/v2\/pages\/9"}],"wp:attachment":[{"href":"https:\/\/www.becker-thilo.de\/index.php?rest_route=%2Fwp%2Fv2%2Fmedia&parent=139"}],"curies":[{"name":"wp","href":"https:\/\/api.w.org\/{rel}","templated":true}]}}