{"id":11,"date":"2008-12-26T15:11:06","date_gmt":"2008-12-26T14:11:06","guid":{"rendered":"http:\/\/www.becker-thilo.de\/?page_id=11"},"modified":"2011-01-16T12:21:00","modified_gmt":"2011-01-16T11:21:00","slug":"impressum","status":"publish","type":"page","link":"https:\/\/www.becker-thilo.de\/?page_id=11","title":{"rendered":"Impressum"},"content":{"rendered":"<p class=\"Stil2\"><strong>IMPRESSUM<\/strong><\/p>\n<p>Thilo Becker<br \/>\nSchulstr. 7<br \/>\n56235 Hundsdorf<br \/>\nTel: 02623-1524<br \/>\nE-Mail: info(at)becker-thilo.de<\/p>\n<p>S\u00e4mtliche Texte, Fotos und Gestaltungsmittel sind urheberrechtlich gesch\u00fctzt.<\/p>\n<p>Inhaltlich Verantwortlicher gem\u00e4\u00df \u00a7 10 Absatz 3 MDStV: Thilo Becker, Anschrift wie oben.<\/p>\n<p style=\"text-align: left;\"><strong>Haftungshinweis<\/strong><br \/>\nIch erkl\u00e4re ausdr\u00fccklich, dass ich keinerlei Einfluss auf die Gestaltung und die Inhalte der verlinkten Seiten im Internet habe und f\u00fcr deren Inhalt und Gestaltung nicht verantwortlich zeichne. Diese Erkl\u00e4rung gilt f\u00fcr alle auf meiner Internetpr\u00e4senz angezeigten Links und f\u00fcr alle Inhalte der verlinkten Seiten.<\/p>\n","protected":false},"excerpt":{"rendered":"<p>IMPRESSUM Thilo Becker Schulstr. 7 56235 Hundsdorf Tel: 02623-1524 E-Mail: info(at)becker-thilo.de S\u00e4mtliche Texte, Fotos und Gestaltungsmittel sind urheberrechtlich gesch\u00fctzt. Inhaltlich Verantwortlicher gem\u00e4\u00df \u00a7&hellip;<\/p>\n","protected":false},"author":3,"featured_media":0,"parent":0,"menu_order":9,"comment_status":"closed","ping_status":"closed","template":"special.php","meta":{"spay_email":"","footnotes":""},"class_list":["post-11","page","type-page","status-publish","hentry"],"_links":{"self":[{"href":"https:\/\/www.becker-thilo.de\/index.php?rest_route=\/wp\/v2\/pages\/11","targetHints":{"allow":["GET"]}}],"collection":[{"href":"https:\/\/www.becker-thilo.de\/index.php?rest_route=\/wp\/v2\/pages"}],"about":[{"href":"https:\/\/www.becker-thilo.de\/index.php?rest_route=\/wp\/v2\/types\/page"}],"author":[{"embeddable":true,"href":"https:\/\/www.becker-thilo.de\/index.php?rest_route=\/wp\/v2\/users\/3"}],"replies":[{"embeddable":true,"href":"https:\/\/www.becker-thilo.de\/index.php?rest_route=%2Fwp%2Fv2%2Fcomments&post=11"}],"version-history":[{"count":0,"href":"https:\/\/www.becker-thilo.de\/index.php?rest_route=\/wp\/v2\/pages\/11\/revisions"}],"wp:attachment":[{"href":"https:\/\/www.becker-thilo.de\/index.php?rest_route=%2Fwp%2Fv2%2Fmedia&parent=11"}],"curies":[{"name":"wp","href":"https:\/\/api.w.org\/{rel}","templated":true}]}}